{"id":970,"date":"2017-05-16T16:38:02","date_gmt":"2017-05-16T14:38:02","guid":{"rendered":"http:\/\/www.platz.ee\/?page_id=970\/"},"modified":"2018-11-15T16:19:36","modified_gmt":"2018-11-15T14:19:36","slug":"meista","status":"publish","type":"page","link":"https:\/\/www.platz.ee\/fi\/meista\/","title":{"rendered":"Meist\u00e4"},"content":{"rendered":"<div class=\"wpb-content-wrapper\"><p>[vc_row][vc_column][vc_custom_heading text=&#8221;Meist\u00e4&#8221; google_fonts=&#8221;font_family:Montserrat%3A400%2C700|font_style:Normal%20400%3A400%3Anormal&#8221;][vc_separator color=&#8221;custom&#8221; style=&#8221;double&#8221; accent_color=&#8221;rgba(0,0,0,0.12)&#8221;][vc_row_inner][vc_column_inner width=&#8221;1\/4&#8243;][vc_single_image image=&#8221;747&#8243; img_size=&#8221;large&#8221; alignment=&#8221;center&#8221;][\/vc_column_inner][vc_column_inner width=&#8221;1\/4&#8243;][vc_single_image image=&#8221;774&#8243; img_size=&#8221;large&#8221; alignment=&#8221;center&#8221; css=&#8221;.vc_custom_1490710883447{padding-top: 25px !important;}&#8221;][\/vc_column_inner][vc_column_inner width=&#8221;1\/4&#8243;][vc_single_image image=&#8221;748&#8243; img_size=&#8221;large&#8221; alignment=&#8221;center&#8221;][\/vc_column_inner][vc_column_inner width=&#8221;1\/4&#8243;][vc_single_image image=&#8221;1411&#8243; img_size=&#8221;large&#8221; alignment=&#8221;center&#8221;][\/vc_column_inner][\/vc_row_inner][\/vc_column][\/vc_row][vc_row][vc_column][vc_empty_space height=&#8221;50px&#8221;][vc_column_text]<strong>Mit\u00e4 ja kenelle?<\/strong><br \/>\nModernissa Rottermann-keskuksessa sijaitseva ravintola Platz on kodikas paikka kaupungin syd\u00e4mess\u00e4, johon voi poiketa niin pikaiselle lounaalle kuin viihtyis\u00e4lle, monen ruokalajin illallisellekin. Ammattimainen palvelu, mannermainen ruokalista ja monipuolinen viinivalikoima takaavat, ett\u00e4 jokainen vieras l\u00f6yt\u00e4\u00e4 oman suosikkinsa. Platzin kodikas tunnelma houkuttelee sinut palaamaan takaisin kerta toisensa j\u00e4lkeen. Platzin hyv\u00e4 sijainti kaupungin ytimess\u00e4 sopii t\u00e4ydellisesti yritystapaamisiin kesken kiireist\u00e4 ty\u00f6p\u00e4iv\u00e4\u00e4 tai vapaahetkien viettoon, joina voit nauttia nautinnollisen, monen ruokalajin illallisen kaikessa rauhassa.<\/p>\n<p>Platzista l\u00f6ytyy kaikki!<\/p>\n<p><strong>Jokaiselle jotakin<\/strong><br \/>\nPlatzin ruokalistaa koostaessa olemme ottaneet huomioon erilaiset ihmiset ja heid\u00e4n tarpeensa. Voit valita suosikkisi \u00e0 la carte-listalta, jossa on my\u00f6s huomioitu kasvisruokavalio sek\u00e4 gluteenittomat ja laktoosittomat vaihtoehdot. Maanantaista perjantaihin tarjolla oleva lounaslista on saavuttanut suuren suosion \u2013 kyseess\u00e4 on lounas, joka edullinen, nopea ja maukas.<\/p>\n<p>Lounaslista vaihtuu p\u00e4ivitt\u00e4in ja se on n\u00e4ht\u00e4vill\u00e4 my\u00f6s Platzin kotisivuilla sek\u00e4 Facebook-sivuillamme. Platz sopii nopeata bisneslounasta kaipaaville ja niille, jotka tulevat Platziin nauttimaan ateriaa pidemm\u00e4n kaavan mukaan.<\/p>\n<p><strong>Perheravintola<\/strong><br \/>\nPlatz on lapsiyst\u00e4v\u00e4llinen paikka. Toivotamme tervetulleeksi perheet niin vanhempien kuin nuorempienkin lasten kanssa. Tiloistamme l\u00f6ytyy leikkinurkkaus ja vauvan hoitop\u00f6yt\u00e4. Pikkuvieraillemme tarjolla on lasten ruokalista.<\/p>\n<p><strong>Laaja viinilista<\/strong><br \/>\nPlatz on ylpe\u00e4 asiantuntevasta viinilistastaan. Tiedoksi nautiskelijoille: viineist\u00e4 yli 20 on tilattavissa laseittain. Platzissa, kuten my\u00f6s toisissa Carmen Grupin ravintoloissa, tarjotaan Carmen Grupin omia viinej\u00e4, joita saa tilattua vain meilt\u00e4. Viinivalikoimamme on edustava ja monipuolinen, mutta samalla my\u00f6s edullinen.<\/p>\n<p><strong>J\u00e4rjest\u00e4 oma tapahtumasi ravintola Platzissa<\/strong><br \/>\nPlatzissa on mahdollista j\u00e4rjest\u00e4\u00e4 erilaisia tapahtumia jopa 120:lle ihmiselle. Kes\u00e4ll\u00e4 on lis\u00e4ksi avoinna 100:n asiakaspaikan ulkoterassi. Platzin etummaiseen saliin mahtuu 40 ihmist\u00e4, takimmaiseen parhaimmillaan jopa 70 ihmist\u00e4. Tapahtumiin on mahdollista j\u00e4rjest\u00e4\u00e4 my\u00f6s buffet-p\u00f6yt\u00e4, jolloin vieraita on hieman v\u00e4hemm\u00e4n. Kes\u00e4ll\u00e4 k\u00e4yt\u00f6ss\u00e4 on suuri, monitasoinen terassi, joka sopii my\u00f6s konserttien pit\u00e4miseen. Platzin edut juhlapaikkana ovat hyv\u00e4 sijainti keskustassa, autolla p\u00e4\u00e4see l\u00e4helle, parkkipaikkoja l\u00f6ytyy l\u00e4hiymp\u00e4rist\u00f6st\u00e4 ja tiloihin mahtuu mukava m\u00e4\u00e4r\u00e4 ihmisi\u00e4, jos on tarpeen j\u00e4rjest\u00e4\u00e4 suuremmat juhlat.<\/p>\n<p>Luonnollisesti saat my\u00f6s ammattimaista palvelua kokeneelta henkil\u00f6kunnalta.[\/vc_column_text][\/vc_column][\/vc_row][vc_row][vc_column][vc_single_image image=&#8221;1403&#8243; img_size=&#8221;large&#8221; add_caption=&#8221;yes&#8221;][\/vc_column][\/vc_row][vc_row][vc_column][vc_text_separator title=&#8221;Yst\u00e4v\u00e4t ja yhteisty\u00f6kumppanit&#8221; color=&#8221;black&#8221;][\/vc_column][\/vc_row][vc_row css=&#8221;.vc_custom_1490710024147{padding-top: 0px !important;}&#8221;][vc_column width=&#8221;1\/2&#8243;][vc_single_image image=&#8221;1306&#8243; img_size=&#8221;large&#8221; alignment=&#8221;center&#8221; onclick=&#8221;custom_link&#8221; img_link_target=&#8221;_blank&#8221; link=&#8221;http:\/\/www.ribe.ee&#8221;][\/vc_column][vc_column width=&#8221;1\/2&#8243;][\/vc_column][\/vc_row]<\/p>\n<\/div>","protected":false},"excerpt":{"rendered":"<p>[vc_row][vc_column][vc_custom_heading text=&#8221;Meist\u00e4&#8221; google_fonts=&#8221;font_family:Montserrat%3A400%2C700|font_style:Normal%20400%3A400%3Anormal&#8221;][vc_separator color=&#8221;custom&#8221; style=&#8221;double&#8221; accent_color=&#8221;rgba(0,0,0,0.12)&#8221;][vc_row_inner][vc_column_inner width=&#8221;1\/4&#8243;][vc_single_image image=&#8221;747&#8243; img_size=&#8221;large&#8221; alignment=&#8221;center&#8221;][\/vc_column_inner][vc_column_inner width=&#8221;1\/4&#8243;][vc_single_image image=&#8221;774&#8243; img_size=&#8221;large&#8221; alignment=&#8221;center&#8221; css=&#8221;.vc_custom_1490710883447{padding-top: 25px !important;}&#8221;][\/vc_column_inner][vc_column_inner width=&#8221;1\/4&#8243;][vc_single_image image=&#8221;748&#8243; img_size=&#8221;large&#8221; alignment=&#8221;center&#8221;][\/vc_column_inner][vc_column_inner width=&#8221;1\/4&#8243;][vc_single_image image=&#8221;1411&#8243; img_size=&#8221;large&#8221; alignment=&#8221;center&#8221;][\/vc_column_inner][\/vc_row_inner][\/vc_column][\/vc_row][vc_row][vc_column][vc_empty_space height=&#8221;50px&#8221;][vc_column_text]Mit\u00e4 ja kenelle? Modernissa Rottermann-keskuksessa sijaitseva ravintola Platz on kodikas paikka kaupungin syd\u00e4mess\u00e4, johon voi poiketa niin pikaiselle lounaalle kuin viihtyis\u00e4lle, monen ruokalajin illallisellekin. Ammattimainen palvelu, mannermainen ruokalista ja monipuolinen [&hellip;]<\/p>\n","protected":false},"author":1,"featured_media":1535,"parent":0,"menu_order":0,"comment_status":"closed","ping_status":"closed","template":"","meta":{"footnotes":"","_links_to":"","_links_to_target":""},"class_list":["post-970","page","type-page","status-publish","has-post-thumbnail","hentry"],"_links":{"self":[{"href":"https:\/\/www.platz.ee\/fi\/wp-json\/wp\/v2\/pages\/970","targetHints":{"allow":["GET"]}}],"collection":[{"href":"https:\/\/www.platz.ee\/fi\/wp-json\/wp\/v2\/pages"}],"about":[{"href":"https:\/\/www.platz.ee\/fi\/wp-json\/wp\/v2\/types\/page"}],"author":[{"embeddable":true,"href":"https:\/\/www.platz.ee\/fi\/wp-json\/wp\/v2\/users\/1"}],"replies":[{"embeddable":true,"href":"https:\/\/www.platz.ee\/fi\/wp-json\/wp\/v2\/comments?post=970"}],"version-history":[{"count":8,"href":"https:\/\/www.platz.ee\/fi\/wp-json\/wp\/v2\/pages\/970\/revisions"}],"predecessor-version":[{"id":1413,"href":"https:\/\/www.platz.ee\/fi\/wp-json\/wp\/v2\/pages\/970\/revisions\/1413"}],"wp:featuredmedia":[{"embeddable":true,"href":"https:\/\/www.platz.ee\/fi\/wp-json\/wp\/v2\/media\/1535"}],"wp:attachment":[{"href":"https:\/\/www.platz.ee\/fi\/wp-json\/wp\/v2\/media?parent=970"}],"curies":[{"name":"wp","href":"https:\/\/api.w.org\/{rel}","templated":true}]}}