{"id":841,"date":"2016-11-07T10:10:09","date_gmt":"2016-11-07T10:10:09","guid":{"rendered":"http:\/\/www.platz.ee\/?page_id=841\/"},"modified":"2019-01-16T14:18:42","modified_gmt":"2019-01-16T12:18:42","slug":"aboutus","status":"publish","type":"page","link":"https:\/\/www.platz.ee\/en\/aboutus\/","title":{"rendered":"About Us"},"content":{"rendered":"<div class=\"wpb-content-wrapper\"><p>[vc_row][vc_column][vc_custom_heading text=&#8221;Meist&#8221; google_fonts=&#8221;font_family:Montserrat%3A400%2C700|font_style:Normal%20400%3A400%3Anormal&#8221;][vc_separator color=&#8221;custom&#8221; style=&#8221;double&#8221; accent_color=&#8221;rgba(0,0,0,0.12)&#8221;][vc_row_inner][vc_column_inner width=&#8221;1\/4&#8243;][vc_single_image image=&#8221;747&#8243; img_size=&#8221;large&#8221; alignment=&#8221;center&#8221;][\/vc_column_inner][vc_column_inner width=&#8221;1\/4&#8243;][vc_single_image image=&#8221;774&#8243; img_size=&#8221;large&#8221; alignment=&#8221;center&#8221; css=&#8221;.vc_custom_1490710883447{padding-top: 25px !important;}&#8221;][\/vc_column_inner][vc_column_inner width=&#8221;1\/4&#8243;][vc_single_image image=&#8221;748&#8243; img_size=&#8221;large&#8221; alignment=&#8221;center&#8221;][\/vc_column_inner][vc_column_inner width=&#8221;1\/4&#8243;][vc_single_image image=&#8221;1411&#8243; img_size=&#8221;large&#8221; alignment=&#8221;center&#8221;][\/vc_column_inner][\/vc_row_inner][\/vc_column][\/vc_row][vc_row][vc_column][vc_empty_space height=&#8221;50px&#8221;][vc_column_text]<\/p>\n<div><b>Hea Platzi k\u00fclastaja!\u00a0<\/b><\/div>\n<div>\n<p>Modernses Rotermanni keskuses asuv restoran Platz on \u00f5dus paik linna s\u00fcdames, kuhu saab p\u00f5igata nii kiirele l\u00f5unale kui m\u00f5nusale mitmek\u00e4igulisele \u00f5htus\u00f6\u00f6gile.<br \/>\nProfessionaalne teenindus, euroopaliku valikuga men\u00fc\u00fc ning mitmek\u00fclgne veinikaart lubavad leida igal k\u00fclalisel oma lemmiku. Platzi hubane interj\u00f6\u00f6r kutsub siia j\u00e4lle ja j\u00e4lle tagasi. Platz oma soodsa asukohaga linna tuiksoontel sobib ideaalselt kas \u00e4rikohtumiseks keset kiiret t\u00f6\u00f6p\u00e4eva v\u00f5i siis aja mahav\u00f5tmiseks m\u00f5nusaks rahulikuks mitmek\u00e4iguliseks naudinguterohkeks \u00f5htus\u00f6\u00f6giks.<\/p>\n<p>K\u00f5ik on Platzis!<\/p>\n<\/div>\n<p>[\/vc_column_text][\/vc_column][\/vc_row][vc_row][vc_column][vc_column_text]<\/p>\n<div><b>Iga\u00fcks leiab endale sobiva toidu \u00a0<\/b><\/div>\n<p>Platzi men\u00fc\u00fcd koostades oleme arvestanud inimeste erinevate soovidega. Platzi toite v\u00f5ib valida\u00a0 <i>a la carte<\/i> ehk valikmen\u00fc\u00fcst, kus on arvestatud\u00a0 n\u00e4iteks taimetoitlaste v\u00f5i gluteeni- v\u00f5i laktoositalumatus all kannatavate inimeste vajadustega. \u00a0Esmasp\u00e4evast reedeni serveeritavad l\u00f5unapakkumised on saanud v\u00e4ga populaarseks &#8211; tegemist on taskukohase ja kiirelt serveeritava maitsva l\u00f5unatoiduga. L\u00f5unamen\u00fc\u00fc vahetub iga p\u00e4ev ja seda saad alati Platzi kodulehe esilehel ja meie FB lehel j\u00e4lgida.<br \/>\nKindlasti j\u00e4lgib Platzi men\u00fc\u00fc ka aastaaegade vaheldumist ja pakub hooajalisi toite.<br \/>\nPlatz restoranis on v\u00f5imalik tellida mitmeid toite ka mitme peale.<br \/>\nPlatz sobib nii kiiret \u00e4ril\u00f5unat soovijatele kui ka neile, kes tulevad Platzi nautima mitmek\u00e4igulist s\u00f6\u00f6maaega.<\/p>\n<div><\/div>\n<div><\/div>\n<p>[\/vc_column_text][vc_column_text]<\/p>\n<div>\n<div><b>Pererestoran<\/b><\/div>\n<div>Platz on lastes\u00f5bralik koht. Ootame endale k\u00fclla peresid nii suuremate kui v\u00e4iksemate lastega. Meil on olemas lastenurk ning ka m\u00e4hkimislaud. V\u00e4ikestele k\u00fclalistele pakume lastemen\u00fc\u00fcd.<\/div>\n<\/div>\n<div><\/div>\n<p>[\/vc_column_text][vc_column_text]<\/p>\n<div><b>Rikkalik veinikaart<\/b><\/div>\n<div>\n<p>Platz on uhke oma professionaalse veinikaardi \u00fcle. Teadmiseks nautlejatele, \u00fcle 20 veini saab tellida klaasiga. Platzis on ka veine mis on saadaval ainult meie juures. Veinivalik on soliidne, mitmekesine ja samas ka rahakotis\u00f5bralik. Restoran Platzi joogikaart on valitud &#8220;Eesti Maitsed t\u00e4na&#8221; poolt viimastel aastatel Eesti 5 parima joogipakkuja hulka.<\/p>\n<\/div>\n<p>[\/vc_column_text][vc_column_text]<\/p>\n<div><b>Korralda oma \u00fcritus Platz restoranis<\/b><\/div>\n<div>\n<p>Platz`is on v\u00f5imalik korraldada erinevaid \u00fcritusi kuni 120-le inimesele. Lisaks on suvel avatud 100 kohaline v\u00e4literrass.<br \/>\nPlatzi esimene saal mahutab\u00a0<b>40<\/b>\u00a0inimest, tagumisse saali saame istekohtadega mahutada kuni\u00a0<b>70<\/b>\u00a0inimest.\u00a0V\u00f5imalik on paigutada lauad ka <i>buffet-<\/i>na. Suvel on v\u00f5imalik kasutada suurt, mitmetasandilist terrassi, mis sobib ka kontserdipaigaks. Platzi eeliseks peokohana on\u00a0<b>soodne asukoht kesklinnas, hea ligip\u00e4\u00e4setavus autoga, parkimiskohtade olemasolu l\u00e4hi\u00fcmbruses ning ka hea mahutavusega ruumid<\/b>, kus suuremaid pidusid korraldada. Professionaalne teenindus ja tasemel meeskond niikuinii.<\/p>\n<\/div>\n<div>Argo Ots, peakokk<\/div>\n<div>tel: 6645086 e-post: info@platz.ee<\/div>\n<p>[\/vc_column_text][vc_single_image image=&#8221;1403&#8243; img_size=&#8221;large&#8221; add_caption=&#8221;yes&#8221;][\/vc_column][\/vc_row][vc_row][vc_column][vc_text_separator title=&#8221;Meie s\u00f5brad ja partnerid&#8221; color=&#8221;black&#8221;][\/vc_column][\/vc_row][vc_row css=&#8221;.vc_custom_1490710024147{padding-top: 0px !important;}&#8221;][vc_column width=&#8221;1\/2&#8243;][vc_single_image image=&#8221;1306&#8243; img_size=&#8221;large&#8221; alignment=&#8221;center&#8221; onclick=&#8221;custom_link&#8221; img_link_target=&#8221;_blank&#8221; link=&#8221;http:\/\/www.ribe.ee&#8221;][\/vc_column][vc_column width=&#8221;1\/2&#8243;][vc_single_image image=&#8221;1606&#8243; img_size=&#8221;medium&#8221; alignment=&#8221;center&#8221; onclick=&#8221;custom_link&#8221; img_link_target=&#8221;_blank&#8221; link=&#8221;https:\/\/www.facebook.com\/Radiorestoran\/&#8221;][\/vc_column][\/vc_row]<\/p>\n<\/div>","protected":false},"excerpt":{"rendered":"<p>[vc_row][vc_column][vc_custom_heading text=&#8221;Meist&#8221; google_fonts=&#8221;font_family:Montserrat%3A400%2C700|font_style:Normal%20400%3A400%3Anormal&#8221;][vc_separator color=&#8221;custom&#8221; style=&#8221;double&#8221; accent_color=&#8221;rgba(0,0,0,0.12)&#8221;][vc_row_inner][vc_column_inner width=&#8221;1\/4&#8243;][vc_single_image image=&#8221;747&#8243; img_size=&#8221;large&#8221; alignment=&#8221;center&#8221;][\/vc_column_inner][vc_column_inner width=&#8221;1\/4&#8243;][vc_single_image image=&#8221;774&#8243; img_size=&#8221;large&#8221; alignment=&#8221;center&#8221; css=&#8221;.vc_custom_1490710883447{padding-top: 25px !important;}&#8221;][\/vc_column_inner][vc_column_inner width=&#8221;1\/4&#8243;][vc_single_image image=&#8221;748&#8243; img_size=&#8221;large&#8221; alignment=&#8221;center&#8221;][\/vc_column_inner][vc_column_inner width=&#8221;1\/4&#8243;][vc_single_image image=&#8221;1411&#8243; img_size=&#8221;large&#8221; alignment=&#8221;center&#8221;][\/vc_column_inner][\/vc_row_inner][\/vc_column][\/vc_row][vc_row][vc_column][vc_empty_space height=&#8221;50px&#8221;][vc_column_text] Hea Platzi k\u00fclastaja!\u00a0 Modernses Rotermanni keskuses asuv restoran Platz on \u00f5dus paik linna s\u00fcdames, kuhu saab p\u00f5igata nii kiirele l\u00f5unale kui m\u00f5nusale mitmek\u00e4igulisele \u00f5htus\u00f6\u00f6gile. Professionaalne teenindus, euroopaliku valikuga men\u00fc\u00fc [&hellip;]<\/p>\n","protected":false},"author":1,"featured_media":1535,"parent":0,"menu_order":0,"comment_status":"closed","ping_status":"closed","template":"","meta":{"footnotes":"","_links_to":"","_links_to_target":""},"class_list":["post-841","page","type-page","status-publish","has-post-thumbnail","hentry"],"_links":{"self":[{"href":"https:\/\/www.platz.ee\/en\/wp-json\/wp\/v2\/pages\/841","targetHints":{"allow":["GET"]}}],"collection":[{"href":"https:\/\/www.platz.ee\/en\/wp-json\/wp\/v2\/pages"}],"about":[{"href":"https:\/\/www.platz.ee\/en\/wp-json\/wp\/v2\/types\/page"}],"author":[{"embeddable":true,"href":"https:\/\/www.platz.ee\/en\/wp-json\/wp\/v2\/users\/1"}],"replies":[{"embeddable":true,"href":"https:\/\/www.platz.ee\/en\/wp-json\/wp\/v2\/comments?post=841"}],"version-history":[{"count":34,"href":"https:\/\/www.platz.ee\/en\/wp-json\/wp\/v2\/pages\/841\/revisions"}],"predecessor-version":[{"id":1614,"href":"https:\/\/www.platz.ee\/en\/wp-json\/wp\/v2\/pages\/841\/revisions\/1614"}],"wp:featuredmedia":[{"embeddable":true,"href":"https:\/\/www.platz.ee\/en\/wp-json\/wp\/v2\/media\/1535"}],"wp:attachment":[{"href":"https:\/\/www.platz.ee\/en\/wp-json\/wp\/v2\/media?parent=841"}],"curies":[{"name":"wp","href":"https:\/\/api.w.org\/{rel}","templated":true}]}}